{"id":303,"date":"2026-04-03T19:57:52","date_gmt":"2026-04-03T19:57:52","guid":{"rendered":"https:\/\/marlisacademy.com\/?post_type=product&#038;p=303"},"modified":"2026-04-04T18:23:20","modified_gmt":"2026-04-04T18:23:20","slug":"learn-basic-spanish-available-on-april-25th","status":"publish","type":"product","link":"https:\/\/marlisacademy.com\/en\/product\/learn-basic-spanish-available-on-april-25th\/","title":{"rendered":"Learn basic Spanish Available on April 25th"},"content":{"rendered":"<div class=\"ast-oembed-container \" style=\"height: 100%;\"><iframe title=\"Learn English with Music \ud83c\udfb5 Simple Present Verb DO Song (Beginner ESL)\" width=\"500\" height=\"281\" src=\"https:\/\/www.youtube.com\/embed\/EGAHGdNHPcA?feature=oembed\" frameborder=\"0\" allow=\"accelerometer; autoplay; clipboard-write; encrypted-media; gyroscope; picture-in-picture; web-share\" referrerpolicy=\"strict-origin-when-cross-origin\" allowfullscreen><\/iframe><\/div>\n<p>@import url(&#8216;https:\/\/fonts.googleapis.com\/css2?family=Inter:wght@300;400;600;700&amp;display=swap&#8217;);<\/p>\n<p>body {<br \/>\nfont-family: &#8216;Inter&#8217;, sans-serif;<br \/>\nbackground-color: #FAFAF9;<br \/>\ncolor: #1E293B;<br \/>\n}<\/p>\n<p>.chart-container {<br \/>\nposition: relative;<br \/>\nwidth: 100%;<br \/>\nmax-width: 600px;<br \/>\nmargin-left: auto;<br \/>\nmargin-right: auto;<br \/>\nheight: 300px;<\/p>\n<div style=\"width: 848px;\" class=\"wp-video\"><video class=\"wp-video-shortcode\" id=\"video-303-1\" width=\"848\" height=\"480\" preload=\"metadata\" controls=\"controls\"><source type=\"video\/mp4\" src=\"http:\/\/marlisacademy.com\/wp-content\/uploads\/2026\/04\/WhatsApp-Video-2026-04-02-at-7.01.44-AM-3.mp4?_=1\" \/><a href=\"http:\/\/marlisacademy.com\/wp-content\/uploads\/2026\/04\/WhatsApp-Video-2026-04-02-at-7.01.44-AM-3.mp4\">http:\/\/marlisacademy.com\/wp-content\/uploads\/2026\/04\/WhatsApp-Video-2026-04-02-at-7.01.44-AM-3.mp4<\/a><\/video><\/div>\n<p>max-height: 400px;<br \/>\n}<\/p>\n<p>@media (min-width: 768px) {<br \/>\n.chart-container {<br \/>\nheight: 350px;<br \/>\n}<br \/>\n}<\/p>\n<p>.glass-panel {<br \/>\nbackground: rgba(255, 255, 255, 0.85);<br \/>\nbackdrop-filter: blur(12px);<br \/>\nborder: 1px solid rgba(255, 255, 255, 0.3);<br \/>\n}<\/p>\n<p>.fade-in {<br \/>\nanimation: fadeIn 0.4s ease-in-out;<br \/>\n}<\/p>\n<p>@keyframes fadeIn {<br \/>\nfrom { opacity: 0; transform: translateY(10px); }<br \/>\nto { opacity: 1; transform: translateY(0); }<br \/>\n}<\/p>\n<p>.nav-btn.active {<br \/>\nbackground-color: #0F172A;<br \/>\ncolor: #FBBF24;<br \/>\nborder-left: 4px solid #FBBF24;<br \/>\n}<\/p>\n<p><!-- Chosen Palette: Navy Blue (#0F172A), Warm Gold (#FBBF24), Warm Stone Light (#FAFAF9) - Inspired by the 'Elementos Comunes' brand suggestions --><br \/>\n<!-- Application Structure Plan: A dynamic dashboard structure. The header establishes the brand identity. The top section introduces the universal brand guidelines. The main application body uses a master-detail pattern (sidebar navigation + central content panel) to allow users to switch between the 5 distinct course strategies without reloading the page. This prevents information overload and focuses attention on one target audience at a time. A mock data chart (Radar) is added to provide a strategic \"distribution\" context, enhancing the analytical feel of the presentation. --><br \/>\n<!-- Visualization &amp; Content Choices: - Report Info: Course Media Strategies -&gt;--> Goal: Inform &amp; Organize -&gt; Method: Master-detail interactive panel -&gt; Interaction: Clickable sidebar updates main view -&gt; Justification: Keeps the UI clean while allowing deep dives into specific campaigns.<br \/>\n&#8211; Report Info: Target Audience Focus -&gt; Goal: Compare -&gt; Method: Radar Chart (Chart.js) -&gt; Interaction: Hover tooltips -&gt; Justification: Visually demonstrates the projected platform focus (TikTok vs IG vs FB) for each demographic, adding analytical depth to the textual strategy.<br \/>\n&#8211; Report Info: Elementos Comunes -&gt; Goal: Inform -&gt; Method: Top banner cards -&gt; Interaction: Hover lift -&gt; Justification: Establishes global rules before diving into specifics. &#8211;&gt;<br \/>\n<!-- CONFIRMATION: NO SVG graphics used. NO Mermaid JS used. Unicode used for icons. --><\/p>\n<header class=\"bg-slate-900 text-stone-50 py-6 px-8 shadow-md relative overflow-hidden\">\n<div class=\"max-w-7xl mx-auto flex items-center justify-between relative z-10\">\n<div>\n<h1 class=\"text-3xl font-bold tracking-tight text-amber-400\">Marlis Academy<\/h1>\n<p class=\"text-slate-300 mt-1 text-sm font-light uppercase tracking-widest\">Media Strategy Dashboard<\/p>\n<\/div>\n<div class=\"text-4xl\">&#x1f4da;&#x1f30d;<\/div>\n<\/div>\n<div class=\"absolute top-0 right-0 -mt-10 -mr-10 w-40 h-40 bg-amber-500 rounded-full blur-3xl opacity-20\"><\/div>\n<\/header>\n<section class=\"mb-10\">\n<h2 class=\"text-2xl font-bold text-slate-800 mb-3\">Identidad Global de Marca<\/h2>\n<p class=\"text-slate-600 mb-6 max-w-3xl\">Esta secci\u00f3n define los <strong>Elementos Comunes<\/strong> que deben aplicarse a todas las campa\u00f1as de Marlis Academy para mantener la consistencia visual y la confianza del usuario. Estos pilares respaldan la efectividad de los anuncios individuales.<\/p>\n<div class=\"grid grid-cols-1 md:grid-cols-3 gap-6\">\n<div class=\"bg-white p-6 rounded-xl shadow-sm border border-slate-100 transition-transform hover:-translate-y-1\">\n<div class=\"text-3xl mb-3\">&#x1f3a8;<\/div>\n<h3 class=\"font-semibold text-slate-800 text-lg\">Borde y Colores<\/h3>\n<p class=\"text-slate-600 text-sm mt-2\">Uso consistente de Azul Marino y Dorado (o Verde Agua) para establecer una identidad visual reconocible al instante.<\/p>\n<\/div>\n<div class=\"bg-white p-6 rounded-xl shadow-sm border border-slate-100 transition-transform hover:-translate-y-1\">\n<div class=\"text-3xl mb-3\">Aa<\/div>\n<h3 class=\"font-semibold text-slate-800 text-lg\">Tipograf\u00eda<\/h3>\n<p class=\"text-slate-600 text-sm mt-2\">Textos superpuestos con letras grandes, claras y sin remates (Sans Serif) optimizadas para la r\u00e1pida lectura en dispositivos m\u00f3viles.<\/p>\n<\/div>\n<div class=\"bg-white p-6 rounded-xl shadow-sm border border-slate-100 transition-transform hover:-translate-y-1\">\n<div class=\"text-3xl mb-3\">&#x2b50;<\/div>\n<h3 class=\"font-semibold text-slate-800 text-lg\">Prueba Social<\/h3>\n<p class=\"text-slate-600 text-sm mt-2\">Inclusi\u00f3n estrat\u00e9gica de frases validadoras como <em>&#8220;Join +500 students worldwide&#8221;<\/em> para generar confianza inmediata.<\/p>\n<\/div>\n<\/div>\n<\/section>\n<section class=\"bg-white rounded-2xl shadow-lg border border-slate-200 overflow-hidden flex flex-col lg:flex-row min-h-[600px]\">\n<aside class=\"w-full lg:w-1\/3 bg-slate-50 border-r border-slate-200 flex flex-col\">\n<div class=\"p-6 border-b border-slate-200\">\n<h2 class=\"text-xl font-bold text-slate-800\">Estrategias por Audiencia<\/h2>\n<p class=\"text-sm text-slate-500 mt-2\">Seleccione un curso para visualizar el concepto creativo, requerimientos de contenido y proyecci\u00f3n de plataformas.<\/p>\n<\/div>\n<nav id=\"campaign-nav\" class=\"flex-grow overflow-y-auto\"><\/nav>\n<\/aside>\n<article id=\"main-content-area\" class=\"w-full lg:w-2\/3 p-6 sm:p-8 relative bg-stone-50\/30\">\n<div id=\"content-display\" class=\"fade-in hidden\">\n<div class=\"flex items-start justify-between mb-6\">\n<div>\n<h2 id=\"display-title\" class=\"text-3xl font-bold text-slate-900\"><\/h2>\n<\/div>\n<div id=\"display-icon\" class=\"text-5xl opacity-80\"><\/div>\n<\/div>\n<div class=\"bg-slate-900 text-white p-5 rounded-xl shadow-md mb-8 border-l-4 border-amber-400\">\n<h3 class=\"text-amber-400 text-sm font-semibold uppercase tracking-wider mb-1\">Concepto Central<\/h3>\n<p id=\"display-concept\" class=\"text-lg font-light italic\">\n<\/div>\n<div class=\"grid grid-cols-1 md:grid-cols-2 gap-6 mb-8\">\n<div class=\"glass-panel p-5 rounded-xl\">\n<h4 class=\"font-bold text-slate-800 flex items-center gap-2 mb-3\">&#x1f4f7; Direcci\u00f3n de Imagen<\/h4>\n<p id=\"display-image\" class=\"text-sm text-slate-600 leading-relaxed\">\n<\/div>\n<div class=\"glass-panel p-5 rounded-xl\">\n<h4 class=\"font-bold text-slate-800 flex items-center gap-2 mb-3\">&#x1f3ac; Guion de Video (Reel\/TikTok)<\/h4>\n<p id=\"display-video\" class=\"text-sm text-slate-600 leading-relaxed\">\n<\/div>\n<\/div>\n<div class=\"bg-amber-50 p-6 rounded-xl border border-amber-200 flex flex-col sm:flex-row items-center justify-between gap-4 mb-10\">\n<div>\n<h4 class=\"font-bold text-amber-900 text-sm uppercase\">Llamado a la Acci\u00f3n (CTA)<\/h4>\n<p id=\"display-cta\" class=\"text-xl font-bold text-slate-800 mt-1\">\n<\/div>\n<div class=\"text-right\">\n<p class=\"text-xs text-slate-500 uppercase tracking-wide font-semibold mb-1\">Ubicaci\u00f3n de Logo<\/p>\n<p id=\"display-logo\" class=\"text-sm text-slate-700 bg-white px-3 py-1 rounded shadow-sm border border-slate-200\">\n<\/div>\n<\/div>\n<div class=\"border-t border-slate-200 pt-8 mt-8\">\n<h3 class=\"text-lg font-bold text-slate-800 mb-2\">Proyecci\u00f3n de Distribuci\u00f3n de Contenido<\/h3>\n<p class=\"text-sm text-slate-500 mb-6\">An\u00e1lisis sugerido del peso del presupuesto y esfuerzo de contenido org\u00e1nico seg\u00fan las caracter\u00edsticas de la audiencia objetivo.<\/p>\n<div class=\"chart-container\"><\/div>\n<\/div>\n<\/div>\n<div id=\"empty-state\" class=\"absolute inset-0 flex flex-col items-center justify-center text-center p-8\">\n<div class=\"text-6xl mb-4 opacity-50\">&#x1f446;<\/div>\n<h3 class=\"text-xl font-semibold text-slate-700\">Seleccione una estrategia<\/h3>\n<p class=\"text-slate-500 mt-2 max-w-sm\">Haga clic en uno de los cursos en el men\u00fa lateral para explorar sus directrices creativas y de distribuci\u00f3n.<\/p>\n<\/div>\n<\/article>\n<\/section>\n<footer class=\"bg-slate-900 text-slate-400 py-6 text-center text-sm border-t border-slate-800\">\u00a9 2026 Marlis Academy. Documento de uso interno.<\/footer>\n<p>const campaigns = [ { id: &#8216;ingles-inicial&#8217;, title: &#8216;Ingl\u00e9s Inicial&#8217;, target: &#8216;Para Hispanohablantes&#8217;, icon: &#8216;&#x2708;&#xfe0f;&#8217;, concept: &#8216;Superaci\u00f3n personal y apertura de puertas.&#8217;, image: &#8216;Una persona joven sonriendo, con aud\u00edfonos, sosteniendo una taza de caf\u00e9 frente a una laptop. De fondo, sutilmente, una bandera de Reino Unido o EE.UU.&#8217;, video: &#8216;Un montaje r\u00e1pido de &#8220;Antes vs. Despu\u00e9s&#8221;. Alguien confundido leyendo un men\u00fa en ingl\u00e9s, y luego la misma persona pidiendo con fluidez en un viaje.&#8217;, logo: &#8216;Esquina superior derecha (Fondo trasl\u00facido)&#8217;, cta: &#8216;\u00a1Empieza hoy tu viaje! Haz clic aqu\u00ed para tu primera lecci\u00f3n gratis.&#8217;, chartData: [40, 30, 20, 10], }, { id: &#8216;spanish-english&#8217;, title: &#8216;Spanish for English Speakers&#8217;, target: &#8216;Para Angloparlantes&#8217;, icon: &#8216;&#x1f483;&#8217;, concept: &#8216;Inmersi\u00f3n cultural y calidez.&#8217;, image: &#8216;Un grupo de amigos diversos riendo en una calle colorida (estilo Cartagena o Madrid), con texto en ingl\u00e9s que diga: &#8220;Stop translating, start speaking&#8221;.&#8217;, video: &#8216;Un profesor nativo de Marlis Academy saludando con energ\u00eda: &#8220;Hi! Want to master Spanish beyond \\&#8217;Hola\\&#8217;? Join us!&#8221;&#8216;, logo: &#8216;Integrado con el eslogan &#8220;Connect through language&#8221;&#8216;, cta: &#8216;Get my free trial! \/ \u00a1Quiero mi prueba gratis!&#8217;, chartData: [20, 45, 10, 25], }, { id: &#8216;espagnol-francophones&#8217;, title: &#8216;Espagnol pour Francophones&#8217;, target: &#8216;Para Franc\u00f3fonos&#8217;, icon: &#8216;&#x1f5fc;&#8217;, concept: &#8216;Elegancia y facilidad de aprendizaje entre lenguas romances.&#8217;, image: &#8216;Un estudiante franc\u00e9s comparando palabras similares entre franc\u00e9s y espa\u00f1ol (ej: Libert\u00e9 \/ Libertad). Un dise\u00f1o limpio con la Torre Eiffel de un lado y la Sagrada Familia del otro.&#8217;, video: &#8216;Un video corto explicando que, al hablar franc\u00e9s, ya tienes el 50% del camino hecho para aprender espa\u00f1ol.&#8217;, logo: &#8216;Logo con subt\u00edtulos en franc\u00e9s&#8217;, cta: &#8216;Inscrivez-vous maintenant ! \/ \u00a1Inscr\u00edbete ahora!&#8217;, chartData: [25, 35, 30, 10], }, { id: &#8216;anglais-francophones&#8217;, title: &#8216;Anglais pour Francophones&#8217;, target: &#8216;Para Franc\u00f3fonos&#8217;, icon: &#8216;&#x1f4bc;&#8217;, concept: &#8216;Profesionalismo y negocios globales.&#8217;, image: &#8216;Un profesional en Par\u00eds trabajando de forma remota, con un mapa mundi de fondo. El texto dice: &#8220;Le monde parle anglais. Et vous ?&#8221;&#8216;, video: &#8216;Un testimonio de un estudiante que consigui\u00f3 un trabajo internacional gracias a Marlis Academy.&#8217;, logo: &#8216;Visible org\u00e1nicamente en el escritorio de la imagen&#8217;, cta: &#8216;Boostez votre carri\u00e8re ici !&#8217;, chartData: [10, 20, 15, 55], }, { id: &#8216;french-english&#8217;, title: &#8216;French for English Speakers&#8217;, target: &#8216;Para Angloparlantes&#8217;, icon: &#8216;&#x1f3a8;&#8217;, concept: &#8216;El romance y el arte del lenguaje.&#8217;, image: &#8216;Una pareja cenando o alguien pintando en Montmartre. Una est\u00e9tica muy &#8220;chic&#8221; y aspiracional.&#8217;, video: &#8216;Una mini-clase de pronunciaci\u00f3n de 15 segundos sobre sonidos dif\u00edciles como la &#8220;R&#8221; francesa, invitando a ver el curso completo.&#8217;, logo: &#8216;Dise\u00f1o con un toque minimalista&#8217;, cta: &#8216;Speak the language of love. Start today!&#8217;, chartData: [35, 45, 15, 5], } ]; let currentChart = null; function initApp() { const navContainer = document.getElementById(&#8216;campaign-nav&#8217;); campaigns.forEach(campaign =&gt; { const btn = document.createElement(&#8216;button&#8217;); btn.className = &#8216;nav-btn w-full text-left p-5 border-b border-slate-200 hover:bg-slate-100 transition-colors flex items-center gap-4 group&#8217;; btn.dataset.id = campaign.id; btn.onclick = () =&gt; loadCampaign(campaign.id); btn.innerHTML = `<\/p>\n<div class=\"text-2xl bg-white w-10 h-10 rounded-full flex items-center justify-center shadow-sm group-hover:scale-110 transition-transform\">${campaign.icon}<\/div>\n<div>\n<div class=\"font-bold text-slate-800 group-hover:text-amber-600 transition-colors\">${campaign.title}<\/div>\n<div class=\"text-xs text-slate-500 mt-1\">${campaign.target}<\/div>\n<\/div>\n<p>`; navContainer.appendChild(btn); }); } function loadCampaign(id) { const campaign = campaigns.find(c =&gt; c.id === id); if (!campaign) return; document.querySelectorAll(&#8216;.nav-btn&#8217;).forEach(btn =&gt; { btn.classList.remove(&#8216;active&#8217;); if (btn.dataset.id === id) btn.classList.add(&#8216;active&#8217;); }); document.getElementById(&#8217;empty-state&#8217;).classList.add(&#8216;hidden&#8217;); const displayContent = document.getElementById(&#8216;content-display&#8217;); displayContent.classList.remove(&#8216;fade-in&#8217;); void displayContent.offsetWidth; displayContent.classList.add(&#8216;fade-in&#8217;); displayContent.classList.remove(&#8216;hidden&#8217;); document.getElementById(&#8216;display-tag&#8217;).textContent = campaign.target; document.getElementById(&#8216;display-title&#8217;).textContent = campaign.title; document.getElementById(&#8216;display-icon&#8217;).textContent = campaign.icon; document.getElementById(&#8216;display-concept&#8217;).textContent = `&#8221;${campaign.concept}&#8221;`; document.getElementById(&#8216;display-image&#8217;).textContent = campaign.image; document.getElementById(&#8216;display-video&#8217;).textContent = campaign.video; document.getElementById(&#8216;display-cta&#8217;).textContent = campaign.cta; document.getElementById(&#8216;display-logo&#8217;).textContent = campaign.logo; updateChart(campaign); } function updateChart(campaign) { const ctx = document.getElementById(&#8216;strategyChart&#8217;).getContext(&#8216;2d&#8217;); if (currentChart) { currentChart.destroy(); } const chartConfig = { type: &#8216;polarArea&#8217;, data: { labels: [&#8216;TikTok (Generaci\u00f3n Z\/Cortos)&#8217;, &#8216;Instagram (Visual\/Aspiracional)&#8217;, &#8216;Facebook (Comunidad\/Grupos)&#8217;, &#8216;LinkedIn (Profesional\/B2B)&#8217;], datasets: [{ label: &#8216;Foco Estrat\u00e9gico (%)&#8217;, data: campaign.chartData, backgroundColor: [ &#8216;rgba(15, 23, 42, 0.7)&#8217;, &#8216;rgba(251, 191, 36, 0.7)&#8217;, &#8216;rgba(56, 189, 248, 0.7)&#8217;, &#8216;rgba(148, 163, 184, 0.7)&#8217; ], borderWidth: 2, borderColor: &#8216;#ffffff&#8217; }] }, options: { responsive: true, maintainAspectRatio: false, scales: { r: { ticks: { display: false }, grid: { color: &#8216;rgba(0, 0, 0, 0.05)&#8217; } } }, plugins: { legend: { position: &#8216;right&#8217;, labels: { font: { family: &#8220;&#8216;Inter&#8217;, sans-serif&#8221;, size: 11 }, usePointStyle: true, padding: 20 } }, tooltip: { backgroundColor: &#8216;rgba(15, 23, 42, 0.9)&#8217;, titleFont: { family: &#8220;&#8216;Inter&#8217;, sans-serif&#8221;, size: 13 }, bodyFont: { family: &#8220;&#8216;Inter&#8217;, sans-serif&#8221;, size: 12 }, padding: 12, cornerRadius: 8, callbacks: { label: function(context) { let label = context.label || &#8221;; if (label) { label = label.substring(0, 16) + (label.length &gt; 16 ? &#8216;&#8230;&#8217; : &#8221;) + &#8216;: &#8216;; } if (context.parsed.r !== null) { label += context.parsed.r + &#8216;% del esfuerzo&#8217;; } return label; } } } } } }; if (window.innerWidth { if(currentChart){ const isMobile = window.innerWidth &lt; 768; const currentPos = currentChart.options.plugins.legend.position; const newPos = isMobile ? &#8216;bottom&#8217; : &#8216;right&#8217;; if(currentPos !== newPos){ currentChart.options.plugins.legend.position = newPos; currentChart.update(); } } }); document.addEventListener(&#8216;DOMContentLoaded&#8217;, initApp);<\/p>\n","protected":false},"excerpt":{"rendered":"<p>@import url(&#8216;https:\/\/fonts.googleapis.com\/css2?family=Inter:wght@300;400;600;700&amp;display=swap&#8217;); body { font-family: &#8216;Inter&#8217;, sans-serif; background-color: #FAFAF9; color: #1E293B; } .chart-container { position: relative; width: 100%; max-width: 600px; [&hellip;]<\/p>\n","protected":false},"featured_media":0,"comment_status":"open","ping_status":"closed","template":"","meta":{"_monsterinsights_skip_tracking":false,"_monsterinsights_sitenote_active":false,"_monsterinsights_sitenote_note":"","_monsterinsights_sitenote_category":0,"_uf_show_specific_survey":0,"_uf_disable_surveys":false,"site-sidebar-layout":"default","site-content-layout":"","ast-site-content-layout":"default","site-content-style":"default","site-sidebar-style":"default","ast-global-header-display":"","ast-banner-title-visibility":"","ast-main-header-display":"","ast-hfb-above-header-display":"","ast-hfb-below-header-display":"","ast-hfb-mobile-header-display":"","site-post-title":"","ast-breadcrumbs-content":"","ast-featured-img":"","footer-sml-layout":"","ast-disable-related-posts":"","theme-transparent-header-meta":"default","adv-header-id-meta":"","stick-header-meta":"","header-above-stick-meta":"","header-main-stick-meta":"","header-below-stick-meta":"","astra-migrate-meta-layouts":"set","ast-page-background-enabled":"default","ast-page-background-meta":{"desktop":{"background-color":"var(--ast-global-color-5)","background-image":"","background-repeat":"repeat","background-position":"center center","background-size":"auto","background-attachment":"scroll","background-type":"","background-media":"","overlay-type":"","overlay-color":"","overlay-opacity":"","overlay-gradient":""},"tablet":{"background-color":"","background-image":"","background-repeat":"repeat","background-position":"center center","background-size":"auto","background-attachment":"scroll","background-type":"","background-media":"","overlay-type":"","overlay-color":"","overlay-opacity":"","overlay-gradient":""},"mobile":{"background-color":"","background-image":"","background-repeat":"repeat","background-position":"center center","background-size":"auto","background-attachment":"scroll","background-type":"","background-media":"","overlay-type":"","overlay-color":"","overlay-opacity":"","overlay-gradient":""}},"ast-content-background-meta":{"desktop":{"background-color":"var(--ast-global-color-4)","background-image":"","background-repeat":"repeat","background-position":"center center","background-size":"auto","background-attachment":"scroll","background-type":"","background-media":"","overlay-type":"","overlay-color":"","overlay-opacity":"","overlay-gradient":""},"tablet":{"background-color":"var(--ast-global-color-4)","background-image":"","background-repeat":"repeat","background-position":"center center","background-size":"auto","background-attachment":"scroll","background-type":"","background-media":"","overlay-type":"","overlay-color":"","overlay-opacity":"","overlay-gradient":""},"mobile":{"background-color":"var(--ast-global-color-4)","background-image":"","background-repeat":"repeat","background-position":"center center","background-size":"auto","background-attachment":"scroll","background-type":"","background-media":"","overlay-type":"","overlay-color":"","overlay-opacity":"","overlay-gradient":""}}},"product_brand":[],"product_cat":[18],"product_tag":[],"class_list":{"0":"post-303","1":"product","2":"type-product","3":"status-publish","5":"product_cat-uncategorized","6":"desktop-align-left","7":"tablet-align-left","8":"mobile-align-left","10":"first","11":"instock","12":"sale","13":"virtual","14":"taxable","15":"purchasable","16":"product-type-simple"},"aioseo_notices":[],"jetpack_sharing_enabled":true,"_links":{"self":[{"href":"https:\/\/marlisacademy.com\/en\/wp-json\/wp\/v2\/product\/303","targetHints":{"allow":["GET"]}}],"collection":[{"href":"https:\/\/marlisacademy.com\/en\/wp-json\/wp\/v2\/product"}],"about":[{"href":"https:\/\/marlisacademy.com\/en\/wp-json\/wp\/v2\/types\/product"}],"replies":[{"embeddable":true,"href":"https:\/\/marlisacademy.com\/en\/wp-json\/wp\/v2\/comments?post=303"}],"wp:attachment":[{"href":"https:\/\/marlisacademy.com\/en\/wp-json\/wp\/v2\/media?parent=303"}],"wp:term":[{"taxonomy":"product_brand","embeddable":true,"href":"https:\/\/marlisacademy.com\/en\/wp-json\/wp\/v2\/product_brand?post=303"},{"taxonomy":"product_cat","embeddable":true,"href":"https:\/\/marlisacademy.com\/en\/wp-json\/wp\/v2\/product_cat?post=303"},{"taxonomy":"product_tag","embeddable":true,"href":"https:\/\/marlisacademy.com\/en\/wp-json\/wp\/v2\/product_tag?post=303"}],"curies":[{"name":"wp","href":"https:\/\/api.w.org\/{rel}","templated":true}]}}