{"id":441,"date":"2026-04-16T17:13:25","date_gmt":"2026-04-16T17:13:25","guid":{"rendered":"https:\/\/marlisacademy.com\/?post_type=product&#038;p=441"},"modified":"2026-04-16T22:20:27","modified_gmt":"2026-04-16T22:20:27","slug":"swimming-practice-fromzero-beginners-swimming-course","status":"publish","type":"product","link":"https:\/\/marlisacademy.com\/en\/product\/swimming-practice-fromzero-beginners-swimming-course\/","title":{"rendered":"Swimming practice fromZero &#8211; Beginners Swimming course"},"content":{"rendered":"<div class=\"marlis-course-desc\">\n<div class=\"marlis-overlay\"><\/div>\n<div class=\"marlis-content\">\n<h2 class=\"marlis-title\">Domina el agua desde cero<\/h2>\n<p class=\"marlis-text\">Aprende a nadar desde cero o perfecciona tu t\u00e9cnica con un m\u00e9todo progresivo,<br \/>\npr\u00e1ctico y seguro.<\/p>\n<p class=\"marlis-text\">En este curso dominar\u00e1s los estilos m\u00e1s importantes, mejorar\u00e1s tu resistencia<br \/>\ny desarrollar\u00e1s confianza en el agua, sin importar tu edad o nivel.<\/p>\n<div class=\"marlis-features\">&#x2714; M\u00e9todo progresivo<br \/>\n&#x2714; Resultados reales<br \/>\n&#x2714; Para todas las edades<\/div>\n<p><a class=\"marlis-btn\" href=\"#\">Inscribirme ahora<\/a><\/p>\n<\/div>\n<\/div>\n<p><img decoding=\"async\" src=\"http:\/\/marlisacademy.com\/wp-content\/uploads\/2026\/04\/Swim-from-zero-300x160.png\" alt=\"\" width=\"300\" height=\"160\" class=\"alignnone size-medium wp-image-436\" \/><img fetchpriority=\"high\" decoding=\"async\" src=\"http:\/\/marlisacademy.com\/wp-content\/uploads\/2026\/04\/Definitiva-300x200.webp\" alt=\"\" width=\"300\" height=\"200\" class=\"alignnone size-medium wp-image-437\" srcset=\"https:\/\/marlisacademy.com\/wp-content\/uploads\/2026\/04\/Definitiva-300x200.webp 300w, https:\/\/marlisacademy.com\/wp-content\/uploads\/2026\/04\/Definitiva-1024x683.webp 1024w, https:\/\/marlisacademy.com\/wp-content\/uploads\/2026\/04\/Definitiva-768x512.webp 768w, https:\/\/marlisacademy.com\/wp-content\/uploads\/2026\/04\/Definitiva-18x12.webp 18w, https:\/\/marlisacademy.com\/wp-content\/uploads\/2026\/04\/Definitiva-50x33.webp 50w, https:\/\/marlisacademy.com\/wp-content\/uploads\/2026\/04\/Definitiva-100x67.webp 100w, https:\/\/marlisacademy.com\/wp-content\/uploads\/2026\/04\/Definitiva-1320x880.webp 1320w, https:\/\/marlisacademy.com\/wp-content\/uploads\/2026\/04\/Definitiva-600x400.png 600w, https:\/\/marlisacademy.com\/wp-content\/uploads\/2026\/04\/Definitiva.webp 1536w\" sizes=\"(max-width: 300px) 100vw, 300px\" \/><img decoding=\"async\" src=\"http:\/\/marlisacademy.com\/wp-content\/uploads\/2026\/04\/NatacionBelingue-300x200.png\" alt=\"\" width=\"300\" height=\"200\" class=\"alignnone size-medium wp-image-438\" srcset=\"https:\/\/marlisacademy.com\/wp-content\/uploads\/2026\/04\/NatacionBelingue-300x200.png 300w, https:\/\/marlisacademy.com\/wp-content\/uploads\/2026\/04\/NatacionBelingue-1024x683.png 1024w, https:\/\/marlisacademy.com\/wp-content\/uploads\/2026\/04\/NatacionBelingue-768x512.png 768w, https:\/\/marlisacademy.com\/wp-content\/uploads\/2026\/04\/NatacionBelingue-18x12.png 18w, https:\/\/marlisacademy.com\/wp-content\/uploads\/2026\/04\/NatacionBelingue-50x33.png 50w, https:\/\/marlisacademy.com\/wp-content\/uploads\/2026\/04\/NatacionBelingue-100x67.png 100w, https:\/\/marlisacademy.com\/wp-content\/uploads\/2026\/04\/NatacionBelingue-1320x880.png 1320w, https:\/\/marlisacademy.com\/wp-content\/uploads\/2026\/04\/NatacionBelingue-600x400.png 600w, https:\/\/marlisacademy.com\/wp-content\/uploads\/2026\/04\/NatacionBelingue.png 1536w\" sizes=\"(max-width: 300px) 100vw, 300px\" \/><\/p>\n<p><img fetchpriority=\"high\" decoding=\"async\" src=\"http:\/\/marlisacademy.com\/wp-content\/uploads\/2026\/04\/Definitiva-300x200.webp\" alt=\"\" width=\"300\" height=\"200\" class=\"alignnone size-medium wp-image-437\" srcset=\"https:\/\/marlisacademy.com\/wp-content\/uploads\/2026\/04\/Definitiva-300x200.webp 300w, https:\/\/marlisacademy.com\/wp-content\/uploads\/2026\/04\/Definitiva-1024x683.webp 1024w, https:\/\/marlisacademy.com\/wp-content\/uploads\/2026\/04\/Definitiva-768x512.webp 768w, https:\/\/marlisacademy.com\/wp-content\/uploads\/2026\/04\/Definitiva-18x12.webp 18w, https:\/\/marlisacademy.com\/wp-content\/uploads\/2026\/04\/Definitiva-50x33.webp 50w, https:\/\/marlisacademy.com\/wp-content\/uploads\/2026\/04\/Definitiva-100x67.webp 100w, https:\/\/marlisacademy.com\/wp-content\/uploads\/2026\/04\/Definitiva-1320x880.webp 1320w, https:\/\/marlisacademy.com\/wp-content\/uploads\/2026\/04\/Definitiva-600x400.png 600w, https:\/\/marlisacademy.com\/wp-content\/uploads\/2026\/04\/Definitiva.webp 1536w\" sizes=\"(max-width: 300px) 100vw, 300px\" \/><\/p>\n<p><img loading=\"lazy\" decoding=\"async\" src=\"http:\/\/marlisacademy.com\/wp-content\/uploads\/2026\/04\/Swim-from-zero-300x160.webp\" alt=\"\" width=\"300\" height=\"160\" class=\"alignnone size-medium wp-image-436\" srcset=\"https:\/\/marlisacademy.com\/wp-content\/uploads\/2026\/04\/Swim-from-zero-300x160.webp 300w, https:\/\/marlisacademy.com\/wp-content\/uploads\/2026\/04\/Swim-from-zero-1024x545.webp 1024w, https:\/\/marlisacademy.com\/wp-content\/uploads\/2026\/04\/Swim-from-zero-768x409.webp 768w, https:\/\/marlisacademy.com\/wp-content\/uploads\/2026\/04\/Swim-from-zero-18x10.webp 18w, https:\/\/marlisacademy.com\/wp-content\/uploads\/2026\/04\/Swim-from-zero-50x27.webp 50w, https:\/\/marlisacademy.com\/wp-content\/uploads\/2026\/04\/Swim-from-zero-100x53.webp 100w, https:\/\/marlisacademy.com\/wp-content\/uploads\/2026\/04\/Swim-from-zero-1320x703.webp 1320w, https:\/\/marlisacademy.com\/wp-content\/uploads\/2026\/04\/Swim-from-zero-600x319.webp 600w, https:\/\/marlisacademy.com\/wp-content\/uploads\/2026\/04\/Swim-from-zero.webp 1413w\" sizes=\"(max-width: 300px) 100vw, 300px\" \/><\/p>\n<p><img loading=\"lazy\" decoding=\"async\" src=\"http:\/\/marlisacademy.com\/wp-content\/uploads\/2026\/04\/LogoMarlisASwim-300x200.png\" alt=\"\" width=\"300\" height=\"200\" class=\"alignnone size-medium wp-image-439\" srcset=\"https:\/\/marlisacademy.com\/wp-content\/uploads\/2026\/04\/LogoMarlisASwim-300x200.png 300w, https:\/\/marlisacademy.com\/wp-content\/uploads\/2026\/04\/LogoMarlisASwim-1024x683.png 1024w, https:\/\/marlisacademy.com\/wp-content\/uploads\/2026\/04\/LogoMarlisASwim-768x512.png 768w, https:\/\/marlisacademy.com\/wp-content\/uploads\/2026\/04\/LogoMarlisASwim-18x12.png 18w, https:\/\/marlisacademy.com\/wp-content\/uploads\/2026\/04\/LogoMarlisASwim-50x33.png 50w, https:\/\/marlisacademy.com\/wp-content\/uploads\/2026\/04\/LogoMarlisASwim-100x67.png 100w, https:\/\/marlisacademy.com\/wp-content\/uploads\/2026\/04\/LogoMarlisASwim-1320x880.png 1320w, https:\/\/marlisacademy.com\/wp-content\/uploads\/2026\/04\/LogoMarlisASwim-600x400.png 600w, https:\/\/marlisacademy.com\/wp-content\/uploads\/2026\/04\/LogoMarlisASwim.png 1536w\" sizes=\"(max-width: 300px) 100vw, 300px\" \/><\/p>\n","protected":false},"excerpt":{"rendered":"<div class=\"marlis-short-desc\">\n<p><strong>Aprende a nadar desde cero o perfecciona tu t\u00e9cnica<\/strong> con un m\u00e9todo progresivo, pr\u00e1ctico y seguro en Marlis Academy.<\/p>\n<p>Desarrolla confianza en el agua, mejora tu resistencia y domina los estilos esenciales sin importar tu edad o nivel.<\/p>\n<ul>\n<li>&#x2714; M\u00e9todo progresivo y f\u00e1cil de seguir<\/li>\n<li>&#x2714; Resultados reales desde las primeras clases<\/li>\n<li>&#x2714; Ideal para principiantes y todos los niveles<\/li>\n<\/ul>\n<p><strong>\u00a1Empieza hoy y transforma tu relaci\u00f3n con el agua!<\/strong><\/p>\n<\/div>\n","protected":false},"featured_media":437,"comment_status":"open","ping_status":"closed","template":"","meta":{"_monsterinsights_skip_tracking":false,"_monsterinsights_sitenote_active":false,"_monsterinsights_sitenote_note":"","_monsterinsights_sitenote_category":0,"_uf_show_specific_survey":0,"_uf_disable_surveys":false,"site-sidebar-layout":"default","site-content-layout":"","ast-site-content-layout":"default","site-content-style":"default","site-sidebar-style":"default","ast-global-header-display":"","ast-banner-title-visibility":"","ast-main-header-display":"","ast-hfb-above-header-display":"","ast-hfb-below-header-display":"","ast-hfb-mobile-header-display":"","site-post-title":"","ast-breadcrumbs-content":"","ast-featured-img":"","footer-sml-layout":"","ast-disable-related-posts":"","theme-transparent-header-meta":"default","adv-header-id-meta":"","stick-header-meta":"","header-above-stick-meta":"","header-main-stick-meta":"","header-below-stick-meta":"","astra-migrate-meta-layouts":"set","ast-page-background-enabled":"default","ast-page-background-meta":{"desktop":{"background-color":"var(--ast-global-color-5)","background-image":"","background-repeat":"repeat","background-position":"center center","background-size":"auto","background-attachment":"scroll","background-type":"","background-media":"","overlay-type":"","overlay-color":"","overlay-opacity":"","overlay-gradient":""},"tablet":{"background-color":"","background-image":"","background-repeat":"repeat","background-position":"center center","background-size":"auto","background-attachment":"scroll","background-type":"","background-media":"","overlay-type":"","overlay-color":"","overlay-opacity":"","overlay-gradient":""},"mobile":{"background-color":"","background-image":"","background-repeat":"repeat","background-position":"center center","background-size":"auto","background-attachment":"scroll","background-type":"","background-media":"","overlay-type":"","overlay-color":"","overlay-opacity":"","overlay-gradient":""}},"ast-content-background-meta":{"desktop":{"background-color":"var(--ast-global-color-4)","background-image":"","background-repeat":"repeat","background-position":"center center","background-size":"auto","background-attachment":"scroll","background-type":"","background-media":"","overlay-type":"","overlay-color":"","overlay-opacity":"","overlay-gradient":""},"tablet":{"background-color":"var(--ast-global-color-4)","background-image":"","background-repeat":"repeat","background-position":"center center","background-size":"auto","background-attachment":"scroll","background-type":"","background-media":"","overlay-type":"","overlay-color":"","overlay-opacity":"","overlay-gradient":""},"mobile":{"background-color":"var(--ast-global-color-4)","background-image":"","background-repeat":"repeat","background-position":"center center","background-size":"auto","background-attachment":"scroll","background-type":"","background-media":"","overlay-type":"","overlay-color":"","overlay-opacity":"","overlay-gradient":""}}},"product_brand":[],"product_cat":[30],"product_tag":[63,64,60,61,59,58,62],"class_list":{"0":"post-441","1":"product","2":"type-product","3":"status-publish","4":"has-post-thumbnail","6":"product_cat-physical-education","7":"product_tag-beginners","8":"product_tag-fromzero","9":"product_tag-health","10":"product_tag-learning","11":"product_tag-sport","12":"product_tag-swimming","13":"product_tag-trainning","14":"desktop-align-left","15":"tablet-align-left","16":"mobile-align-left","18":"first","19":"instock","20":"sale","21":"purchasable","22":"product-type-simple"},"aioseo_notices":[],"jetpack_sharing_enabled":true,"_links":{"self":[{"href":"https:\/\/marlisacademy.com\/en\/wp-json\/wp\/v2\/product\/441","targetHints":{"allow":["GET"]}}],"collection":[{"href":"https:\/\/marlisacademy.com\/en\/wp-json\/wp\/v2\/product"}],"about":[{"href":"https:\/\/marlisacademy.com\/en\/wp-json\/wp\/v2\/types\/product"}],"replies":[{"embeddable":true,"href":"https:\/\/marlisacademy.com\/en\/wp-json\/wp\/v2\/comments?post=441"}],"wp:featuredmedia":[{"embeddable":true,"href":"https:\/\/marlisacademy.com\/en\/wp-json\/wp\/v2\/media\/437"}],"wp:attachment":[{"href":"https:\/\/marlisacademy.com\/en\/wp-json\/wp\/v2\/media?parent=441"}],"wp:term":[{"taxonomy":"product_brand","embeddable":true,"href":"https:\/\/marlisacademy.com\/en\/wp-json\/wp\/v2\/product_brand?post=441"},{"taxonomy":"product_cat","embeddable":true,"href":"https:\/\/marlisacademy.com\/en\/wp-json\/wp\/v2\/product_cat?post=441"},{"taxonomy":"product_tag","embeddable":true,"href":"https:\/\/marlisacademy.com\/en\/wp-json\/wp\/v2\/product_tag?post=441"}],"curies":[{"name":"wp","href":"https:\/\/api.w.org\/{rel}","templated":true}]}}